{"id":323,"date":"2025-11-07T20:05:45","date_gmt":"2025-11-07T20:05:45","guid":{"rendered":"https:\/\/rigcsa.mx\/?page_id=323"},"modified":"2025-11-11T00:10:01","modified_gmt":"2025-11-11T00:10:01","slug":"yaakun-09","status":"publish","type":"page","link":"https:\/\/rigcsa.mx\/index.php\/yaakun-09\/","title":{"rendered":"YAAKUN 09"},"content":{"rendered":"\n<figure class=\"wp-block-image alignwide size-full\"><img loading=\"lazy\" decoding=\"async\" width=\"768\" height=\"432\" src=\"https:\/\/rigcsa.mx\/wp-content\/uploads\/2025\/11\/FACHADA-1-min-768x432-1.jpg\" alt=\"\" class=\"wp-image-338\" srcset=\"https:\/\/rigcsa.mx\/wp-content\/uploads\/2025\/11\/FACHADA-1-min-768x432-1.jpg 768w, https:\/\/rigcsa.mx\/wp-content\/uploads\/2025\/11\/FACHADA-1-min-768x432-1-300x169.jpg 300w\" sizes=\"auto, (max-width: 768px) 100vw, 768px\" \/><\/figure>\n\n\n\n<h1 class=\"wp-block-heading\">YAAKUN 09<\/h1>\n\n\n\n<pre class=\"wp-block-preformatted has-background\" style=\"background-color:#ededd5\">ubicado estrat\u00e9gicamente en el centro urbano de Tulum <strong>YAAKUN 09<\/strong> representa la perfecta fusi\u00f3n entre dise\u00f1o exclusivo y confort residencial. Sus distinguidos departamentos, concebidos con los mas altos est\u00e1ndares arquitect\u00f3nicos, se complementan con \u00e1reas verdes que promueven la conexi\u00f3n con la naturaleza. Este desarrollo privilegiado no solo ofrece espacios ideales para la convivencia familiar y social, sino que tambi\u00e9n materializan una experiencia de vida excepcional con el coraz\u00f3n de la ciudad. <\/pre>\n\n\n\n<div class=\"wp-block-columns is-layout-flex wp-container-core-columns-is-layout-28f84493 wp-block-columns-is-layout-flex\">\n<div class=\"wp-block-column is-layout-flow wp-block-column-is-layout-flow\" style=\"flex-basis:66.66%\">\n<h2 class=\"wp-block-heading\">PROYECTO EN EQUILIBRIO<\/h2>\n\n\n\n<pre class=\"wp-block-preformatted has-background\" style=\"background-color:#ededd5\">En el coraz\u00f3n de Tulum, <strong>YAAKUN<\/strong> se erige como un ejemplo sublime de armon\u00eda arquitect\u00f3nica. Su dise\u00f1o, cuidadosamente planeado, se integra con el paisaje natural, fundiendo estructuras modernas con la esencia tropical que caracteriza la regi\u00f3n. Las fachadas, ornamentadas con elementos locales, reflejan rica cultura maya. mientras que los amplios ventanales permiten una conexi\u00f3n fluida con el entorno. La incorporaci\u00f3n de espacios verdes son aspectos claves que realzan la belleza del complejo, terrazas cubiertas de plantas nativas aportan frescura y biodiversidad, creando un microsistema que invita a los residentes a disfrutar de la naturaleza sin alejarse de su hogar. ese edificio no solo es un refugio moderno, sino tambi\u00e9n un testimonio del respeto por el patrimonio cultural y ambiental de Tulum, simbolizando la perfecta armon\u00eda entre el ser humano y la naturaleza.<\/pre>\n<\/div>\n\n\n\n<div class=\"wp-block-column is-layout-flow wp-block-column-is-layout-flow\" style=\"flex-basis:33.33%\">\n<figure class=\"wp-block-image size-full\"><img loading=\"lazy\" decoding=\"async\" width=\"1024\" height=\"576\" src=\"https:\/\/rigcsa.mx\/wp-content\/uploads\/2025\/11\/AREA-COMUN-VISTA-1-1024x576-1.jpg\" alt=\"\" class=\"wp-image-342\" srcset=\"https:\/\/rigcsa.mx\/wp-content\/uploads\/2025\/11\/AREA-COMUN-VISTA-1-1024x576-1.jpg 1024w, https:\/\/rigcsa.mx\/wp-content\/uploads\/2025\/11\/AREA-COMUN-VISTA-1-1024x576-1-300x169.jpg 300w, https:\/\/rigcsa.mx\/wp-content\/uploads\/2025\/11\/AREA-COMUN-VISTA-1-1024x576-1-768x432.jpg 768w\" sizes=\"auto, (max-width: 1024px) 100vw, 1024px\" \/><\/figure>\n<\/div>\n<\/div>\n\n\n<ul class=\"wp-block-categories-list wp-block-categories\">\t<li class=\"cat-item cat-item-5\"><a href=\"https:\/\/rigcsa.mx\/index.php\/category\/departamentos-yaakun-09\/\">DEPARTAMENTOS YAAKUN 09<\/a>\n<\/li>\n<\/ul>\n\n\n<figure class=\"wp-block-gallery has-nested-images columns-default is-cropped wp-block-gallery-1 is-layout-flex wp-block-gallery-is-layout-flex\">\n<figure class=\"wp-block-image size-large\"><img loading=\"lazy\" decoding=\"async\" width=\"768\" height=\"432\" data-id=\"338\" src=\"https:\/\/rigcsa.mx\/wp-content\/uploads\/2025\/11\/FACHADA-1-min-768x432-1.jpg\" alt=\"\" class=\"wp-image-338\" srcset=\"https:\/\/rigcsa.mx\/wp-content\/uploads\/2025\/11\/FACHADA-1-min-768x432-1.jpg 768w, https:\/\/rigcsa.mx\/wp-content\/uploads\/2025\/11\/FACHADA-1-min-768x432-1-300x169.jpg 300w\" sizes=\"auto, (max-width: 768px) 100vw, 768px\" \/><\/figure>\n\n\n\n<figure class=\"wp-block-image size-large\"><img loading=\"lazy\" decoding=\"async\" width=\"768\" height=\"432\" data-id=\"341\" src=\"https:\/\/rigcsa.mx\/wp-content\/uploads\/2025\/11\/FACHADA-LATERAL-1123-768x432-1.jpg\" alt=\"\" class=\"wp-image-341\" srcset=\"https:\/\/rigcsa.mx\/wp-content\/uploads\/2025\/11\/FACHADA-LATERAL-1123-768x432-1.jpg 768w, https:\/\/rigcsa.mx\/wp-content\/uploads\/2025\/11\/FACHADA-LATERAL-1123-768x432-1-300x169.jpg 300w\" sizes=\"auto, (max-width: 768px) 100vw, 768px\" \/><\/figure>\n\n\n\n<figure class=\"wp-block-image size-large\"><img loading=\"lazy\" decoding=\"async\" width=\"768\" height=\"432\" data-id=\"339\" src=\"https:\/\/rigcsa.mx\/wp-content\/uploads\/2025\/11\/FACHADA-LATERAL-3123-768x432-1.jpg\" alt=\"\" class=\"wp-image-339\" srcset=\"https:\/\/rigcsa.mx\/wp-content\/uploads\/2025\/11\/FACHADA-LATERAL-3123-768x432-1.jpg 768w, https:\/\/rigcsa.mx\/wp-content\/uploads\/2025\/11\/FACHADA-LATERAL-3123-768x432-1-300x169.jpg 300w\" sizes=\"auto, (max-width: 768px) 100vw, 768px\" \/><\/figure>\n<\/figure>\n\n\n\n<h2 class=\"wp-block-heading\">AMENIDADES<\/h2>\n\n\n\n<div class=\"wp-block-group is-layout-grid wp-container-core-group-is-layout-988b637e wp-block-group-is-layout-grid\">\n<figure class=\"wp-block-image size-large is-style-default\"><img loading=\"lazy\" decoding=\"async\" width=\"1024\" height=\"576\" src=\"https:\/\/rigcsa.mx\/wp-content\/uploads\/2025\/11\/ALBERCA-VISTA-3-min-1536x864-2-1024x576.jpg\" alt=\"\" class=\"wp-image-368\" srcset=\"https:\/\/rigcsa.mx\/wp-content\/uploads\/2025\/11\/ALBERCA-VISTA-3-min-1536x864-2-1024x576.jpg 1024w, https:\/\/rigcsa.mx\/wp-content\/uploads\/2025\/11\/ALBERCA-VISTA-3-min-1536x864-2-300x169.jpg 300w, https:\/\/rigcsa.mx\/wp-content\/uploads\/2025\/11\/ALBERCA-VISTA-3-min-1536x864-2-768x432.jpg 768w, https:\/\/rigcsa.mx\/wp-content\/uploads\/2025\/11\/ALBERCA-VISTA-3-min-1536x864-2.jpg 1536w\" sizes=\"auto, (max-width: 1024px) 100vw, 1024px\" \/><figcaption class=\"wp-element-caption\"><strong>Alberca de uso com\u00fan<\/strong><\/figcaption><\/figure>\n\n\n\n<figure class=\"wp-block-image size-large\"><img loading=\"lazy\" decoding=\"async\" width=\"1024\" height=\"576\" src=\"https:\/\/rigcsa.mx\/wp-content\/uploads\/2025\/11\/ALBERCA-INFANTIL-VISTA-1-min-1536x864-2-1024x576.png\" alt=\"\" class=\"wp-image-367\" srcset=\"https:\/\/rigcsa.mx\/wp-content\/uploads\/2025\/11\/ALBERCA-INFANTIL-VISTA-1-min-1536x864-2-1024x576.png 1024w, https:\/\/rigcsa.mx\/wp-content\/uploads\/2025\/11\/ALBERCA-INFANTIL-VISTA-1-min-1536x864-2-300x169.png 300w, https:\/\/rigcsa.mx\/wp-content\/uploads\/2025\/11\/ALBERCA-INFANTIL-VISTA-1-min-1536x864-2-768x432.png 768w, https:\/\/rigcsa.mx\/wp-content\/uploads\/2025\/11\/ALBERCA-INFANTIL-VISTA-1-min-1536x864-2.png 1536w\" sizes=\"auto, (max-width: 1024px) 100vw, 1024px\" \/><figcaption class=\"wp-element-caption\"><strong>Alberca infantil<\/strong><\/figcaption><\/figure>\n\n\n\n<figure class=\"wp-block-image size-full\"><img loading=\"lazy\" decoding=\"async\" width=\"1024\" height=\"576\" src=\"https:\/\/rigcsa.mx\/wp-content\/uploads\/2025\/11\/AREA-DE-ASOLEADERO-VISTA-1-min-1024x576-2.jpg\" alt=\"\" class=\"wp-image-366\" srcset=\"https:\/\/rigcsa.mx\/wp-content\/uploads\/2025\/11\/AREA-DE-ASOLEADERO-VISTA-1-min-1024x576-2.jpg 1024w, https:\/\/rigcsa.mx\/wp-content\/uploads\/2025\/11\/AREA-DE-ASOLEADERO-VISTA-1-min-1024x576-2-300x169.jpg 300w, https:\/\/rigcsa.mx\/wp-content\/uploads\/2025\/11\/AREA-DE-ASOLEADERO-VISTA-1-min-1024x576-2-768x432.jpg 768w\" sizes=\"auto, (max-width: 1024px) 100vw, 1024px\" \/><figcaption class=\"wp-element-caption\"><strong>Asoleadero<\/strong><\/figcaption><\/figure>\n\n\n\n<figure class=\"wp-block-image size-full\"><img loading=\"lazy\" decoding=\"async\" width=\"768\" height=\"576\" src=\"https:\/\/rigcsa.mx\/wp-content\/uploads\/2025\/11\/GYM-VISTA-1-min-1-768x576-2.png\" alt=\"\" class=\"wp-image-369\" srcset=\"https:\/\/rigcsa.mx\/wp-content\/uploads\/2025\/11\/GYM-VISTA-1-min-1-768x576-2.png 768w, https:\/\/rigcsa.mx\/wp-content\/uploads\/2025\/11\/GYM-VISTA-1-min-1-768x576-2-300x225.png 300w\" sizes=\"auto, (max-width: 768px) 100vw, 768px\" \/><figcaption class=\"wp-element-caption\"><strong>Gimnasio<\/strong><\/figcaption><\/figure>\n\n\n\n<figure class=\"wp-block-image size-full\"><img loading=\"lazy\" decoding=\"async\" width=\"500\" height=\"300\" src=\"https:\/\/rigcsa.mx\/wp-content\/uploads\/2025\/11\/AREA-DE-YOGA-VISTA-2-min-scaled-r00i4dbl70d1s0b47wtxeahwaso6scufn4oq2gn4xk-1.jpg\" alt=\"\" class=\"wp-image-364\" srcset=\"https:\/\/rigcsa.mx\/wp-content\/uploads\/2025\/11\/AREA-DE-YOGA-VISTA-2-min-scaled-r00i4dbl70d1s0b47wtxeahwaso6scufn4oq2gn4xk-1.jpg 500w, https:\/\/rigcsa.mx\/wp-content\/uploads\/2025\/11\/AREA-DE-YOGA-VISTA-2-min-scaled-r00i4dbl70d1s0b47wtxeahwaso6scufn4oq2gn4xk-1-300x180.jpg 300w\" sizes=\"auto, (max-width: 500px) 100vw, 500px\" \/><figcaption class=\"wp-element-caption\"><strong>\u00c1rea de yoga<\/strong><\/figcaption><\/figure>\n\n\n\n<figure class=\"wp-block-image size-full\"><img loading=\"lazy\" decoding=\"async\" width=\"500\" height=\"300\" src=\"https:\/\/rigcsa.mx\/wp-content\/uploads\/2025\/11\/CO-WORKING-VISTA-1-min-r00i4x276j42jtig0nd3cnikrvywa00spudx59tvaw-1.png\" alt=\"\" class=\"wp-image-365\" srcset=\"https:\/\/rigcsa.mx\/wp-content\/uploads\/2025\/11\/CO-WORKING-VISTA-1-min-r00i4x276j42jtig0nd3cnikrvywa00spudx59tvaw-1.png 500w, https:\/\/rigcsa.mx\/wp-content\/uploads\/2025\/11\/CO-WORKING-VISTA-1-min-r00i4x276j42jtig0nd3cnikrvywa00spudx59tvaw-1-300x180.png 300w\" sizes=\"auto, (max-width: 500px) 100vw, 500px\" \/><figcaption class=\"wp-element-caption\"><strong>Co-Working.<\/strong><\/figcaption><\/figure>\n<\/div>\n\n\n\n<h3 class=\"wp-block-heading\">CONOCE LOS DEPARTAMENTOS DEL COMPLEJO YAAKUN 09<\/h3>\n\n\n<ul class=\"wp-block-categories-list wp-block-categories has-regular-font-size\">\t<li class=\"cat-item cat-item-5\"><a href=\"https:\/\/rigcsa.mx\/index.php\/category\/departamentos-yaakun-09\/\">DEPARTAMENTOS YAAKUN 09<\/a> (6)\n<\/li>\n<\/ul>\n\n\n<h3 class=\"wp-block-heading\">Descarga nuestro brochure YAAKUN 09<\/h3>\n\n\n\n<div class=\"wp-block-file\"><a id=\"wp-block-file--media-9796ea64-962d-43dd-a737-bc6ff87283e0\" href=\"https:\/\/rigcsa.mx\/wp-content\/uploads\/2025\/10\/Brochure-Departamentos-Yaakun-09.pdf\">Brochure-Departamentos-Yaakun-09<\/a><a href=\"https:\/\/rigcsa.mx\/wp-content\/uploads\/2025\/10\/Brochure-Departamentos-Yaakun-09.pdf\" class=\"wp-block-file__button wp-element-button\" download aria-describedby=\"wp-block-file--media-9796ea64-962d-43dd-a737-bc6ff87283e0\">Descarga<\/a><\/div>\n","protected":false},"excerpt":{"rendered":"<p>YAAKUN 09 ubicado estrat\u00e9gicamente en el centro urbano de Tulum YAAKUN 09 representa la perfecta fusi\u00f3n entre dise\u00f1o exclusivo y confort residencial. Sus distinguidos departamentos, concebidos con los mas altos est\u00e1ndares arquitect\u00f3nicos, se complementan con \u00e1reas verdes que promueven la conexi\u00f3n con la naturaleza. Este desarrollo privilegiado no solo ofrece espacios ideales para la convivencia [&hellip;]<\/p>\n","protected":false},"author":1,"featured_media":0,"parent":0,"menu_order":0,"comment_status":"closed","ping_status":"closed","template":"","meta":{"footnotes":""},"class_list":["post-323","page","type-page","status-publish","hentry"],"_links":{"self":[{"href":"https:\/\/rigcsa.mx\/index.php\/wp-json\/wp\/v2\/pages\/323","targetHints":{"allow":["GET"]}}],"collection":[{"href":"https:\/\/rigcsa.mx\/index.php\/wp-json\/wp\/v2\/pages"}],"about":[{"href":"https:\/\/rigcsa.mx\/index.php\/wp-json\/wp\/v2\/types\/page"}],"author":[{"embeddable":true,"href":"https:\/\/rigcsa.mx\/index.php\/wp-json\/wp\/v2\/users\/1"}],"replies":[{"embeddable":true,"href":"https:\/\/rigcsa.mx\/index.php\/wp-json\/wp\/v2\/comments?post=323"}],"version-history":[{"count":31,"href":"https:\/\/rigcsa.mx\/index.php\/wp-json\/wp\/v2\/pages\/323\/revisions"}],"predecessor-version":[{"id":459,"href":"https:\/\/rigcsa.mx\/index.php\/wp-json\/wp\/v2\/pages\/323\/revisions\/459"}],"wp:attachment":[{"href":"https:\/\/rigcsa.mx\/index.php\/wp-json\/wp\/v2\/media?parent=323"}],"curies":[{"name":"wp","href":"https:\/\/api.w.org\/{rel}","templated":true}]}}