{"id":293,"date":"2025-11-06T18:06:49","date_gmt":"2025-11-06T18:06:49","guid":{"rendered":"https:\/\/rigcsa.mx\/?page_id=293"},"modified":"2025-11-07T17:33:12","modified_gmt":"2025-11-07T17:33:12","slug":"yaakun-58","status":"publish","type":"page","link":"https:\/\/rigcsa.mx\/index.php\/yaakun-58\/","title":{"rendered":"YAAKUN 58"},"content":{"rendered":"\n<pre class=\"wp-block-preformatted has-background\" style=\"background-color:#ededd5\">Bienvenido a YAAKUN 58, un exclusivo edificio de departamentos de alta gama ubicado en la mejor zona de Tulum.<br>Este magnifico desarrollo combina un dise\u00f1o arquitect\u00f3nico de alto nivel con amenidades pensadas para fomentar la convivencia y el bienestar de sus residentes cada departamento ha sido cuidadosamente dise\u00f1ado para ofrecer confort y elegancia, mientras que las \u00e1reas comunes proporcionan espacios ideales para el esparcimiento y la socializaci\u00f3n <br><br>En YAAKUN 58, cada detalle refleja un estilo de vida sofisticado, donde la calidad y la belleza se encuentran en perfecta armon\u00eda con el entorno natural de TULUM.<\/pre>\n\n\n\n<figure class=\"wp-block-gallery has-nested-images columns-default is-cropped wp-block-gallery-1 is-layout-flex wp-block-gallery-is-layout-flex\">\n<figure class=\"wp-block-image size-large\"><img loading=\"lazy\" decoding=\"async\" width=\"768\" height=\"432\" data-id=\"301\" src=\"https:\/\/rigcsa.mx\/wp-content\/uploads\/2025\/11\/FACHADA-VISTA-1-min-768x432-1.jpg\" alt=\"\" class=\"wp-image-301\" srcset=\"https:\/\/rigcsa.mx\/wp-content\/uploads\/2025\/11\/FACHADA-VISTA-1-min-768x432-1.jpg 768w, https:\/\/rigcsa.mx\/wp-content\/uploads\/2025\/11\/FACHADA-VISTA-1-min-768x432-1-300x169.jpg 300w\" sizes=\"auto, (max-width: 768px) 100vw, 768px\" \/><\/figure>\n\n\n\n<figure class=\"wp-block-image size-large\"><img loading=\"lazy\" decoding=\"async\" width=\"768\" height=\"432\" data-id=\"300\" src=\"https:\/\/rigcsa.mx\/wp-content\/uploads\/2025\/11\/FACHADA-VISTA-2-min-768x432-1.png\" alt=\"\" class=\"wp-image-300\" srcset=\"https:\/\/rigcsa.mx\/wp-content\/uploads\/2025\/11\/FACHADA-VISTA-2-min-768x432-1.png 768w, https:\/\/rigcsa.mx\/wp-content\/uploads\/2025\/11\/FACHADA-VISTA-2-min-768x432-1-300x169.png 300w\" sizes=\"auto, (max-width: 768px) 100vw, 768px\" \/><\/figure>\n\n\n\n<figure class=\"wp-block-image size-large\"><img loading=\"lazy\" decoding=\"async\" width=\"768\" height=\"432\" data-id=\"299\" src=\"https:\/\/rigcsa.mx\/wp-content\/uploads\/2025\/11\/FACHADA-POSTERIOR-min-768x432-1.png\" alt=\"\" class=\"wp-image-299\" srcset=\"https:\/\/rigcsa.mx\/wp-content\/uploads\/2025\/11\/FACHADA-POSTERIOR-min-768x432-1.png 768w, https:\/\/rigcsa.mx\/wp-content\/uploads\/2025\/11\/FACHADA-POSTERIOR-min-768x432-1-300x169.png 300w\" sizes=\"auto, (max-width: 768px) 100vw, 768px\" \/><\/figure>\n<\/figure>\n\n\n\n<div class=\"wp-block-columns is-layout-flex wp-container-core-columns-is-layout-28f84493 wp-block-columns-is-layout-flex\">\n<div class=\"wp-block-column is-layout-flow wp-block-column-is-layout-flow\">\n<h2 class=\"wp-block-heading\">UBICACI\u00d3N PERFECTA<\/h2>\n\n\n\n<pre class=\"wp-block-preformatted has-background\" style=\"background-color:#ededd5\">El edificio de departamentos de YAAKUN 58 se encuentra en una ubicaci\u00f3n privilegiada en Tulum, a tan solo 10 minutos de las hermosas playas del caribe mexicano.<br>Esta cercan\u00eda no solo permite disfrutar de la tranquilidad y belleza del entorno natural, sino tambi\u00e9n ofrece un f\u00e1cil acceso a una variedad de actividades recreativas y restaurantes que caracterizan a la zona.<br>Adem\u00e1s, su posici\u00f3n estrat\u00e9gica facilita el desplazamiento hacia otros puntos de inter\u00e9s en Tulum, garantizando as\u00ed una experiencia de vida c\u00f3moda y enriquecedora para sus residentes. Sin duda, una opci\u00f3n ideal para quienes buscan lo mejor de este destino tur\u00edstico.<\/pre>\n<\/div>\n\n\n\n<div class=\"wp-block-column is-layout-flow wp-block-column-is-layout-flow\">\n<figure class=\"wp-block-image size-full\"><img loading=\"lazy\" decoding=\"async\" width=\"1024\" height=\"785\" src=\"https:\/\/rigcsa.mx\/wp-content\/uploads\/2025\/11\/xCapa-56-1-1024x785.png.pagespeed.ic_.V8cKZTONTo.png\" alt=\"\" class=\"wp-image-304\" srcset=\"https:\/\/rigcsa.mx\/wp-content\/uploads\/2025\/11\/xCapa-56-1-1024x785.png.pagespeed.ic_.V8cKZTONTo.png 1024w, https:\/\/rigcsa.mx\/wp-content\/uploads\/2025\/11\/xCapa-56-1-1024x785.png.pagespeed.ic_.V8cKZTONTo-300x230.png 300w, https:\/\/rigcsa.mx\/wp-content\/uploads\/2025\/11\/xCapa-56-1-1024x785.png.pagespeed.ic_.V8cKZTONTo-768x589.png 768w\" sizes=\"auto, (max-width: 1024px) 100vw, 1024px\" \/><\/figure>\n<\/div>\n<\/div>\n\n\n\n<figure class=\"wp-block-gallery has-nested-images columns-default is-cropped wp-block-gallery-2 is-layout-flex wp-block-gallery-is-layout-flex\">\n<figure class=\"wp-block-image size-large\"><img loading=\"lazy\" decoding=\"async\" width=\"768\" height=\"432\" data-id=\"308\" src=\"https:\/\/rigcsa.mx\/wp-content\/uploads\/2025\/11\/YAAKUN58_1.1.jpg\" alt=\"\" class=\"wp-image-308\" srcset=\"https:\/\/rigcsa.mx\/wp-content\/uploads\/2025\/11\/YAAKUN58_1.1.jpg 768w, https:\/\/rigcsa.mx\/wp-content\/uploads\/2025\/11\/YAAKUN58_1.1-300x169.jpg 300w\" sizes=\"auto, (max-width: 768px) 100vw, 768px\" \/><\/figure>\n\n\n\n<figure class=\"wp-block-image size-large\"><img loading=\"lazy\" decoding=\"async\" width=\"768\" height=\"432\" data-id=\"307\" src=\"https:\/\/rigcsa.mx\/wp-content\/uploads\/2025\/11\/YAAKUN58_1.2.jpg\" alt=\"\" class=\"wp-image-307\" srcset=\"https:\/\/rigcsa.mx\/wp-content\/uploads\/2025\/11\/YAAKUN58_1.2.jpg 768w, https:\/\/rigcsa.mx\/wp-content\/uploads\/2025\/11\/YAAKUN58_1.2-300x169.jpg 300w\" sizes=\"auto, (max-width: 768px) 100vw, 768px\" \/><\/figure>\n\n\n\n<figure class=\"wp-block-image size-large\"><img loading=\"lazy\" decoding=\"async\" width=\"768\" height=\"432\" data-id=\"306\" src=\"https:\/\/rigcsa.mx\/wp-content\/uploads\/2025\/11\/YAAKUN58_1.3.jpg\" alt=\"\" class=\"wp-image-306\" srcset=\"https:\/\/rigcsa.mx\/wp-content\/uploads\/2025\/11\/YAAKUN58_1.3.jpg 768w, https:\/\/rigcsa.mx\/wp-content\/uploads\/2025\/11\/YAAKUN58_1.3-300x169.jpg 300w\" sizes=\"auto, (max-width: 768px) 100vw, 768px\" \/><\/figure>\n<\/figure>\n\n\n\n<h2 class=\"wp-block-heading has-text-align-center\">AMENIDADES<\/h2>\n\n\n\n<pre class=\"wp-block-preformatted has-background\" style=\"background-color:#ededd5\">La torre departamental YAAKUN 58 ofrece una vida excepcional, destac\u00e1ndose por sus amenidades de alto nivel que garantizan el confort y el bienestar de sus residentes entre las instalaciones se encuentran:<\/pre>\n\n\n\n<div class=\"wp-block-columns is-layout-flex wp-container-core-columns-is-layout-28f84493 wp-block-columns-is-layout-flex\">\n<div class=\"wp-block-column is-layout-flow wp-block-column-is-layout-flow\">\n<div class=\"wp-block-group is-layout-grid wp-container-core-group-is-layout-478b6e6b wp-block-group-is-layout-grid\">\n<figure class=\"wp-block-image size-full wp-container-content-69bc4bdf\"><img loading=\"lazy\" decoding=\"async\" width=\"79\" height=\"69\" src=\"https:\/\/rigcsa.mx\/wp-content\/uploads\/2025\/10\/Capa-55.png\" alt=\"\" class=\"wp-image-168\"\/><figcaption class=\"wp-element-caption\">Jacuzzi<\/figcaption><\/figure>\n\n\n\n<figure class=\"wp-block-image size-full\"><img loading=\"lazy\" decoding=\"async\" width=\"71\" height=\"71\" src=\"https:\/\/rigcsa.mx\/wp-content\/uploads\/2025\/10\/Capa-53.png\" alt=\"\" class=\"wp-image-167\"\/><figcaption class=\"wp-element-caption\">Terraza<\/figcaption><\/figure>\n<\/div>\n<\/div>\n\n\n\n<div class=\"wp-block-column is-layout-flow wp-block-column-is-layout-flow\"><\/div>\n<\/div>\n\n\n\n<div class=\"wp-block-file\"><a id=\"wp-block-file--media-ea79a670-1bb1-4794-a175-261b796ede7d\" href=\"https:\/\/rigcsa.mx\/wp-content\/uploads\/2025\/10\/Brochure-General-Yaakun-58.pdf\">Brochure-General-Yaakun-58<\/a><a href=\"https:\/\/rigcsa.mx\/wp-content\/uploads\/2025\/10\/Brochure-General-Yaakun-58.pdf\" class=\"wp-block-file__button wp-element-button\" download aria-describedby=\"wp-block-file--media-ea79a670-1bb1-4794-a175-261b796ede7d\">Descarga<\/a><\/div>\n","protected":false},"excerpt":{"rendered":"<p>Bienvenido a YAAKUN 58, un exclusivo edificio de departamentos de alta gama ubicado en la mejor zona de Tulum.Este magnifico desarrollo combina un dise\u00f1o arquitect\u00f3nico de alto nivel con amenidades pensadas para fomentar la convivencia y el bienestar de sus residentes cada departamento ha sido cuidadosamente dise\u00f1ado para ofrecer confort y elegancia, mientras que las [&hellip;]<\/p>\n","protected":false},"author":1,"featured_media":52,"parent":0,"menu_order":0,"comment_status":"closed","ping_status":"closed","template":"","meta":{"footnotes":""},"class_list":["post-293","page","type-page","status-publish","has-post-thumbnail","hentry"],"_links":{"self":[{"href":"https:\/\/rigcsa.mx\/index.php\/wp-json\/wp\/v2\/pages\/293","targetHints":{"allow":["GET"]}}],"collection":[{"href":"https:\/\/rigcsa.mx\/index.php\/wp-json\/wp\/v2\/pages"}],"about":[{"href":"https:\/\/rigcsa.mx\/index.php\/wp-json\/wp\/v2\/types\/page"}],"author":[{"embeddable":true,"href":"https:\/\/rigcsa.mx\/index.php\/wp-json\/wp\/v2\/users\/1"}],"replies":[{"embeddable":true,"href":"https:\/\/rigcsa.mx\/index.php\/wp-json\/wp\/v2\/comments?post=293"}],"version-history":[{"count":15,"href":"https:\/\/rigcsa.mx\/index.php\/wp-json\/wp\/v2\/pages\/293\/revisions"}],"predecessor-version":[{"id":320,"href":"https:\/\/rigcsa.mx\/index.php\/wp-json\/wp\/v2\/pages\/293\/revisions\/320"}],"wp:featuredmedia":[{"embeddable":true,"href":"https:\/\/rigcsa.mx\/index.php\/wp-json\/wp\/v2\/media\/52"}],"wp:attachment":[{"href":"https:\/\/rigcsa.mx\/index.php\/wp-json\/wp\/v2\/media?parent=293"}],"curies":[{"name":"wp","href":"https:\/\/api.w.org\/{rel}","templated":true}]}}