{"id":210,"date":"2025-11-05T15:48:02","date_gmt":"2025-11-05T15:48:02","guid":{"rendered":"https:\/\/rigcsa.mx\/?page_id=210"},"modified":"2025-11-05T23:54:54","modified_gmt":"2025-11-05T23:54:54","slug":"villas-nautilus","status":"publish","type":"page","link":"https:\/\/rigcsa.mx\/index.php\/villas-nautilus\/","title":{"rendered":"VILLAS NAUTILUS"},"content":{"rendered":"\n<h2 class=\"wp-block-heading\">!VILLAS NAUTILUS: EXCLUSIVIDAD Y CONFORT EN EL CORAZON DE TULUM!<\/h2>\n\n\n\n<figure class=\"wp-block-gallery has-nested-images columns-default is-cropped wp-block-gallery-1 is-layout-flex wp-block-gallery-is-layout-flex\">\n<figure class=\"wp-block-image size-large has-custom-border is-style-default\"><img loading=\"lazy\" decoding=\"async\" width=\"1024\" height=\"768\" data-id=\"212\" src=\"https:\/\/rigcsa.mx\/wp-content\/uploads\/2025\/11\/Imagen-de-WhatsApp-2024-12-09-a-las-11.03.41_fbe1a0d9-2-1024x768-1.jpg\" alt=\"\" class=\"wp-image-212\" style=\"border-style:none;border-width:0px\" srcset=\"https:\/\/rigcsa.mx\/wp-content\/uploads\/2025\/11\/Imagen-de-WhatsApp-2024-12-09-a-las-11.03.41_fbe1a0d9-2-1024x768-1.jpg 1024w, https:\/\/rigcsa.mx\/wp-content\/uploads\/2025\/11\/Imagen-de-WhatsApp-2024-12-09-a-las-11.03.41_fbe1a0d9-2-1024x768-1-300x225.jpg 300w, https:\/\/rigcsa.mx\/wp-content\/uploads\/2025\/11\/Imagen-de-WhatsApp-2024-12-09-a-las-11.03.41_fbe1a0d9-2-1024x768-1-768x576.jpg 768w\" sizes=\"auto, (max-width: 1024px) 100vw, 1024px\" \/><\/figure>\n\n\n\n<figure class=\"wp-block-image size-large\"><img loading=\"lazy\" decoding=\"async\" width=\"768\" height=\"576\" data-id=\"219\" src=\"https:\/\/rigcsa.mx\/wp-content\/uploads\/2025\/11\/Cochera-768x576-1.jpg\" alt=\"\" class=\"wp-image-219\" srcset=\"https:\/\/rigcsa.mx\/wp-content\/uploads\/2025\/11\/Cochera-768x576-1.jpg 768w, https:\/\/rigcsa.mx\/wp-content\/uploads\/2025\/11\/Cochera-768x576-1-300x225.jpg 300w\" sizes=\"auto, (max-width: 768px) 100vw, 768px\" \/><\/figure>\n\n\n\n<figure class=\"wp-block-image size-large\"><img loading=\"lazy\" decoding=\"async\" width=\"768\" height=\"576\" data-id=\"220\" src=\"https:\/\/rigcsa.mx\/wp-content\/uploads\/2025\/11\/Alberca-1-768x576-2.jpg\" alt=\"\" class=\"wp-image-220\" srcset=\"https:\/\/rigcsa.mx\/wp-content\/uploads\/2025\/11\/Alberca-1-768x576-2.jpg 768w, https:\/\/rigcsa.mx\/wp-content\/uploads\/2025\/11\/Alberca-1-768x576-2-300x225.jpg 300w\" sizes=\"auto, (max-width: 768px) 100vw, 768px\" \/><\/figure>\n<\/figure>\n\n\n\n<div class=\"wp-block-group is-layout-constrained wp-block-group-is-layout-constrained\">\n<h2 class=\"wp-block-heading\">ALBERCA<\/h2>\n\n\n\n<div class=\"wp-block-columns is-layout-flex wp-container-core-columns-is-layout-28f84493 wp-block-columns-is-layout-flex\">\n<div class=\"wp-block-column is-layout-constrained wp-block-column-is-layout-constrained\">\n<figure class=\"wp-block-image size-full\"><img loading=\"lazy\" decoding=\"async\" width=\"1024\" height=\"683\" src=\"https:\/\/rigcsa.mx\/wp-content\/uploads\/2025\/11\/Alberca-tarde-1024x683-1.jpg\" alt=\"\" class=\"wp-image-216\" srcset=\"https:\/\/rigcsa.mx\/wp-content\/uploads\/2025\/11\/Alberca-tarde-1024x683-1.jpg 1024w, https:\/\/rigcsa.mx\/wp-content\/uploads\/2025\/11\/Alberca-tarde-1024x683-1-300x200.jpg 300w, https:\/\/rigcsa.mx\/wp-content\/uploads\/2025\/11\/Alberca-tarde-1024x683-1-768x512.jpg 768w\" sizes=\"auto, (max-width: 1024px) 100vw, 1024px\" \/><\/figure>\n\n\n\n<h1 class=\"wp-block-heading has-medium-font-size\">PATIO TRASERO<\/h1>\n\n\n\n<pre class=\"wp-block-preformatted has-background\" style=\"background-color:#ededd5\"><strong>El patio privado de la propiedad es un espacio vers\u00e1til que conecta directamente con la alberca, ideal para reuniones sociales o momento de relax. Su dise\u00f1o crea un ambiente perfecto para disfrutar del sol y la brisa en total privacidad.<\/strong><\/pre>\n\n\n\n<figure class=\"wp-block-image size-full\"><img loading=\"lazy\" decoding=\"async\" width=\"960\" height=\"1012\" src=\"https:\/\/rigcsa.mx\/wp-content\/uploads\/2025\/11\/Vista-balcon-1-1.jpg\" alt=\"\" class=\"wp-image-214\" srcset=\"https:\/\/rigcsa.mx\/wp-content\/uploads\/2025\/11\/Vista-balcon-1-1.jpg 960w, https:\/\/rigcsa.mx\/wp-content\/uploads\/2025\/11\/Vista-balcon-1-1-285x300.jpg 285w, https:\/\/rigcsa.mx\/wp-content\/uploads\/2025\/11\/Vista-balcon-1-1-768x810.jpg 768w\" sizes=\"auto, (max-width: 960px) 100vw, 960px\" \/><\/figure>\n\n\n\n<h1 class=\"wp-block-heading has-medium-font-size\">PLANTA ALTA<\/h1>\n\n\n\n<pre class=\"wp-block-preformatted has-background\" style=\"background-color:#ededd5\"><strong>La planta alta de villas nautilus ofrece un dise\u00f1o funcional y c\u00f3modo. Cuenta con espacio para sala de T.V. perfecta para momentos de entretenimiento y descanso. La recamara principal destaca por su privacidad, contando con ba\u00f1o propio y un amplio vestidor. Adem\u00e1s, dispone de dos recamaras secundarias, cada una con su propio balc\u00f3n, lo que permite disfrutar de vistas al exterior. Tambi\u00e9n se encuentra un ba\u00f1o completo que da servicio a las recamaras secundarias. <\/strong><\/pre>\n\n\n\n<figure class=\"wp-block-image size-full\"><img loading=\"lazy\" decoding=\"async\" width=\"1024\" height=\"768\" src=\"https:\/\/rigcsa.mx\/wp-content\/uploads\/2025\/11\/Imagen-de-WhatsApp-2024-12-09-a-las-11.03.41_fbe1a0d9-2-1024x768-1.jpg\" alt=\"\" class=\"wp-image-212\" srcset=\"https:\/\/rigcsa.mx\/wp-content\/uploads\/2025\/11\/Imagen-de-WhatsApp-2024-12-09-a-las-11.03.41_fbe1a0d9-2-1024x768-1.jpg 1024w, https:\/\/rigcsa.mx\/wp-content\/uploads\/2025\/11\/Imagen-de-WhatsApp-2024-12-09-a-las-11.03.41_fbe1a0d9-2-1024x768-1-300x225.jpg 300w, https:\/\/rigcsa.mx\/wp-content\/uploads\/2025\/11\/Imagen-de-WhatsApp-2024-12-09-a-las-11.03.41_fbe1a0d9-2-1024x768-1-768x576.jpg 768w\" sizes=\"auto, (max-width: 1024px) 100vw, 1024px\" \/><\/figure>\n\n\n\n<h1 class=\"wp-block-heading has-medium-font-size\">UN HERMOSO LUGAR PARA VIVIR<\/h1>\n\n\n\n<pre class=\"wp-block-preformatted has-background\" style=\"background-color:#ededd5\">Villas Nautilus ofrece una propiedad exclusiva de 344 m2 de terreno y 280.46 m2 de construcci\u00f3n. Cuenta con tres recamaras principales, 1 recamara de servicio, 3 ba\u00f1os completos y 2 medios ba\u00f1os (uno para la alberca) la cocina privada tiene mesetas de granito y las \u00e1reas comunes son amplias y bien distribuidas. Los closets son de madera, y la casa esta completamente climatizada.<br>La fachada con piedra maya y acabados de lujo, junto con una escalera principal recubierta de madera, le dan un toque sofisticado. La cochera es para 2 autos y tiene acceso lateral. Adem\u00e1s, cuenta con un balc\u00f3n frontal, cerco el\u00e9ctrico de seguridad y una alberca con acabado de chukum, sistema de filtrado y presi\u00f3n de agua.<\/pre>\n<\/div>\n\n\n\n<div class=\"wp-block-column is-layout-constrained wp-block-column-is-layout-constrained\">\n<pre class=\"wp-block-preformatted p { font-family: Tahoma, Verdana, sans-serif; } has-text-color has-background has-link-color wp-elements-cd993464b95ba6d602e0e9112002aa08\" style=\"color:#374151;background-color:#ededd5;font-size:16px\"><strong>Disfruta de una espectacular alberca dise\u00f1ada para brindar frescura y diversi\u00f3n en cualquier momento del d\u00eda. Perfecta para relajarte de bajo del sol caribe\u00f1o o compartir momentos inolvidables con familiares y amigos, en un entorno rodeado de naturaleza y exclusividad.<\/strong><\/pre>\n\n\n\n<div style=\"height:46px\" aria-hidden=\"true\" class=\"wp-block-spacer\"><\/div>\n\n\n\n<figure class=\"wp-block-image size-full\"><img loading=\"lazy\" decoding=\"async\" width=\"1024\" height=\"768\" src=\"https:\/\/rigcsa.mx\/wp-content\/uploads\/2025\/11\/Sala-de-alberca-1024x768-1.jpg\" alt=\"\" class=\"wp-image-215\" srcset=\"https:\/\/rigcsa.mx\/wp-content\/uploads\/2025\/11\/Sala-de-alberca-1024x768-1.jpg 1024w, https:\/\/rigcsa.mx\/wp-content\/uploads\/2025\/11\/Sala-de-alberca-1024x768-1-300x225.jpg 300w, https:\/\/rigcsa.mx\/wp-content\/uploads\/2025\/11\/Sala-de-alberca-1024x768-1-768x576.jpg 768w\" sizes=\"auto, (max-width: 1024px) 100vw, 1024px\" \/><\/figure>\n\n\n\n<h2 class=\"wp-block-heading\">BALCON<\/h2>\n\n\n\n<pre class=\"wp-block-preformatted has-background\" style=\"background-color:#ededd5;margin-top:0;margin-bottom:0;padding-top:0;padding-right:0;padding-bottom:0;padding-left:0\"><strong>La propiedad cuenta con un balc\u00f3n con vista impresionante, perfecto para disfrutar de paisajes y relajarse al aire libre. El patio privado, que da a la alberca, es ideal para reuniones o momentos de tranquilidad junto al agua, disfrutando del sol y la brisa.<\/strong><\/pre>\n\n\n\n<div style=\"height:201px\" aria-hidden=\"true\" class=\"wp-block-spacer\"><\/div>\n\n\n\n<figure class=\"wp-block-image size-full\"><img loading=\"lazy\" decoding=\"async\" width=\"1024\" height=\"768\" src=\"https:\/\/rigcsa.mx\/wp-content\/uploads\/2025\/11\/Bano-planta-alta-2.jpg\" alt=\"\" class=\"wp-image-213\" srcset=\"https:\/\/rigcsa.mx\/wp-content\/uploads\/2025\/11\/Bano-planta-alta-2.jpg 1024w, https:\/\/rigcsa.mx\/wp-content\/uploads\/2025\/11\/Bano-planta-alta-2-300x225.jpg 300w, https:\/\/rigcsa.mx\/wp-content\/uploads\/2025\/11\/Bano-planta-alta-2-768x576.jpg 768w\" sizes=\"auto, (max-width: 1024px) 100vw, 1024px\" \/><\/figure>\n\n\n\n<h1 class=\"wp-block-heading has-medium-font-size\">PLANTA BAJA<\/h1>\n\n\n\n<pre class=\"wp-block-preformatted has-background\" style=\"background-color:#ededd5\">Ofrece una cochera para 2 autos, un elegante vest\u00edbulo de doble altura, sala de estar, comedor y un ba\u00f1o de visitas. La cocina totalmente equipada con acabados en granito es ideal para cualquier amante de la gastronom\u00eda. Tambi\u00e9n incluye un cuarto de servicio con ba\u00f1o privado. Para disfrutar del exterior. la propiedad cuenta con un bar, una terraza ideal para reuniones y una alberca para acabado de chukum, perfecta para relajarse o divertirse con la familia.<\/pre>\n\n\n\n<div style=\"height:114px\" aria-hidden=\"true\" class=\"wp-block-spacer\"><\/div>\n\n\n\n<figure class=\"wp-block-image size-large\"><img loading=\"lazy\" decoding=\"async\" width=\"1024\" height=\"461\" src=\"https:\/\/rigcsa.mx\/wp-content\/uploads\/2025\/07\/casa-villa-nautilus-1024x461.webp\" alt=\"VILLA NAUTILUS\" class=\"wp-image-40\" srcset=\"https:\/\/rigcsa.mx\/wp-content\/uploads\/2025\/07\/casa-villa-nautilus-1024x461.webp 1024w, https:\/\/rigcsa.mx\/wp-content\/uploads\/2025\/07\/casa-villa-nautilus-300x135.webp 300w, https:\/\/rigcsa.mx\/wp-content\/uploads\/2025\/07\/casa-villa-nautilus-768x346.webp 768w, https:\/\/rigcsa.mx\/wp-content\/uploads\/2025\/07\/casa-villa-nautilus-1536x692.webp 1536w, https:\/\/rigcsa.mx\/wp-content\/uploads\/2025\/07\/casa-villa-nautilus.webp 2048w\" sizes=\"auto, (max-width: 1024px) 100vw, 1024px\" \/><\/figure>\n<\/div>\n<\/div>\n<\/div>\n\n\n\n<div class=\"wp-block-file\"><a id=\"wp-block-file--media-22dc3857-c248-4745-ae21-0307ac12dd21\" href=\"https:\/\/rigcsa.mx\/wp-content\/uploads\/2025\/10\/Brochure-Villa-Nautilus.pdf\">Brochure-Villa-Nautilus<\/a><a href=\"https:\/\/rigcsa.mx\/wp-content\/uploads\/2025\/10\/Brochure-Villa-Nautilus.pdf\" class=\"wp-block-file__button wp-element-button\" download aria-describedby=\"wp-block-file--media-22dc3857-c248-4745-ae21-0307ac12dd21\">Descarga<\/a><\/div>\n","protected":false},"excerpt":{"rendered":"<p>!VILLAS NAUTILUS: EXCLUSIVIDAD Y CONFORT EN EL CORAZON DE TULUM! ALBERCA PATIO TRASERO El patio privado de la propiedad es un espacio vers\u00e1til que conecta directamente con la alberca, ideal para reuniones sociales o momento de relax. Su dise\u00f1o crea un ambiente perfecto para disfrutar del sol y la brisa en total privacidad. PLANTA ALTA [&hellip;]<\/p>\n","protected":false},"author":1,"featured_media":90,"parent":0,"menu_order":2,"comment_status":"closed","ping_status":"closed","template":"","meta":{"footnotes":""},"class_list":["post-210","page","type-page","status-publish","has-post-thumbnail","hentry"],"_links":{"self":[{"href":"https:\/\/rigcsa.mx\/index.php\/wp-json\/wp\/v2\/pages\/210","targetHints":{"allow":["GET"]}}],"collection":[{"href":"https:\/\/rigcsa.mx\/index.php\/wp-json\/wp\/v2\/pages"}],"about":[{"href":"https:\/\/rigcsa.mx\/index.php\/wp-json\/wp\/v2\/types\/page"}],"author":[{"embeddable":true,"href":"https:\/\/rigcsa.mx\/index.php\/wp-json\/wp\/v2\/users\/1"}],"replies":[{"embeddable":true,"href":"https:\/\/rigcsa.mx\/index.php\/wp-json\/wp\/v2\/comments?post=210"}],"version-history":[{"count":35,"href":"https:\/\/rigcsa.mx\/index.php\/wp-json\/wp\/v2\/pages\/210\/revisions"}],"predecessor-version":[{"id":264,"href":"https:\/\/rigcsa.mx\/index.php\/wp-json\/wp\/v2\/pages\/210\/revisions\/264"}],"wp:featuredmedia":[{"embeddable":true,"href":"https:\/\/rigcsa.mx\/index.php\/wp-json\/wp\/v2\/media\/90"}],"wp:attachment":[{"href":"https:\/\/rigcsa.mx\/index.php\/wp-json\/wp\/v2\/media?parent=210"}],"curies":[{"name":"wp","href":"https:\/\/api.w.org\/{rel}","templated":true}]}}