{"id":2,"date":"2025-07-09T18:58:22","date_gmt":"2025-07-09T18:58:22","guid":{"rendered":"https:\/\/rigcsa.mx\/?page_id=2"},"modified":"2025-11-06T16:12:57","modified_gmt":"2025-11-06T16:12:57","slug":"sample-page","status":"publish","type":"page","link":"https:\/\/rigcsa.mx\/","title":{"rendered":"\u00bfQui\u00e9nes Somos?"},"content":{"rendered":"\n<p class=\"has-text-align-center has-medium-font-size\">Somos una empresa inversionista con propiedades disponibles en venta en Tulum, Quintana Roo. Contamos con una variedad de inmuebles en ubicaciones estrat\u00e9gicas, cuyo valor y certeza jur\u00eddica garantizan la seguridad de tu inversi\u00f3n. <\/p>\n\n\n\n<p><\/p>\n","protected":false},"excerpt":{"rendered":"<p>Somos una empresa inversionista con propiedades disponibles en venta en Tulum, Quintana Roo. Contamos con una variedad de inmuebles en ubicaciones estrat\u00e9gicas, cuyo valor y certeza jur\u00eddica garantizan la seguridad de tu inversi\u00f3n.<\/p>\n","protected":false},"author":1,"featured_media":90,"parent":0,"menu_order":0,"comment_status":"closed","ping_status":"closed","template":"","meta":{"footnotes":""},"class_list":["post-2","page","type-page","status-publish","has-post-thumbnail","hentry"],"_links":{"self":[{"href":"https:\/\/rigcsa.mx\/index.php\/wp-json\/wp\/v2\/pages\/2","targetHints":{"allow":["GET"]}}],"collection":[{"href":"https:\/\/rigcsa.mx\/index.php\/wp-json\/wp\/v2\/pages"}],"about":[{"href":"https:\/\/rigcsa.mx\/index.php\/wp-json\/wp\/v2\/types\/page"}],"author":[{"embeddable":true,"href":"https:\/\/rigcsa.mx\/index.php\/wp-json\/wp\/v2\/users\/1"}],"replies":[{"embeddable":true,"href":"https:\/\/rigcsa.mx\/index.php\/wp-json\/wp\/v2\/comments?post=2"}],"version-history":[{"count":8,"href":"https:\/\/rigcsa.mx\/index.php\/wp-json\/wp\/v2\/pages\/2\/revisions"}],"predecessor-version":[{"id":287,"href":"https:\/\/rigcsa.mx\/index.php\/wp-json\/wp\/v2\/pages\/2\/revisions\/287"}],"wp:featuredmedia":[{"embeddable":true,"href":"https:\/\/rigcsa.mx\/index.php\/wp-json\/wp\/v2\/media\/90"}],"wp:attachment":[{"href":"https:\/\/rigcsa.mx\/index.php\/wp-json\/wp\/v2\/media?parent=2"}],"curies":[{"name":"wp","href":"https:\/\/api.w.org\/{rel}","templated":true}]}}