{"id":130,"date":"2025-10-29T19:02:22","date_gmt":"2025-10-29T19:02:22","guid":{"rendered":"https:\/\/rigcsa.mx\/?page_id=130"},"modified":"2025-11-05T23:56:07","modified_gmt":"2025-11-05T23:56:07","slug":"yaakun-93","status":"publish","type":"page","link":"https:\/\/rigcsa.mx\/index.php\/yaakun-93\/","title":{"rendered":"YAAKUN 93"},"content":{"rendered":"\n<figure class=\"wp-block-image size-full is-resized is-style-default\"><img loading=\"lazy\" decoding=\"async\" width=\"502\" height=\"532\" src=\"https:\/\/rigcsa.mx\/wp-content\/uploads\/2025\/07\/yaakun-93-1.jpg\" alt=\"\" class=\"wp-image-44\" style=\"aspect-ratio:1;object-fit:cover;width:950px;height:auto\" srcset=\"https:\/\/rigcsa.mx\/wp-content\/uploads\/2025\/07\/yaakun-93-1.jpg 502w, https:\/\/rigcsa.mx\/wp-content\/uploads\/2025\/07\/yaakun-93-1-283x300.jpg 283w\" sizes=\"auto, (max-width: 502px) 100vw, 502px\" \/><\/figure>\n\n\n\n<div class=\"wp-block-columns is-layout-flex wp-container-core-columns-is-layout-28f84493 wp-block-columns-is-layout-flex\">\n<div class=\"wp-block-column is-layout-flow wp-block-column-is-layout-flow\" style=\"flex-basis:33.33%\">\n<div class=\"wp-block-group is-layout-constrained wp-block-group-is-layout-constrained\">\n<p class=\"has-medium-font-size\">UBICACION PERFECTA<\/p>\n\n\n\n<div class=\"wp-block-group is-layout-constrained wp-block-group-is-layout-constrained\">\n<p class=\"has-text-align-left has-small-font-size\">La propiedad se sit\u00faa en una zona residencial de alto valor econ\u00f3mico, dado que la infraestructura vial, incluyendo calles y avenidas, as\u00ed como el entorno en general, carecen de comparaci\u00f3n con otras \u00e1reas dentro de Tulum.<\/p>\n\n\n\n<p class=\"has-text-align-left has-small-font-size\"><br>En esta misma manzana, se encuentran diversos hoteles, lo que incrementa la rentabilidad de la propiedad en cuesti\u00f3n, la cual se ofrece para alquiler vacacional.<\/p>\n\n\n\n<p class=\"has-text-align-left has-small-font-size\"><br>Es posible adquirir esta propiedad con el prop\u00f3sito de residir en ella, realizar una inversi\u00f3n estrat\u00e9gica o explotarla a trav\u00e9s de plataformas de alquiler vacacional como Airbnb, Booking y HomeAway, entre otras opciones.<\/p>\n<\/div>\n<\/div>\n<\/div>\n\n\n\n<div class=\"wp-block-column is-layout-flow wp-block-column-is-layout-flow\" style=\"flex-basis:66.66%\">\n<figure class=\"wp-block-image size-large is-resized\"><img loading=\"lazy\" decoding=\"async\" width=\"1024\" height=\"987\" src=\"https:\/\/rigcsa.mx\/wp-content\/uploads\/2025\/10\/Brochure-Lote-93-3-1024x987.jpg\" alt=\"\" class=\"wp-image-131\" style=\"width:730px;height:auto\" srcset=\"https:\/\/rigcsa.mx\/wp-content\/uploads\/2025\/10\/Brochure-Lote-93-3-1024x987.jpg 1024w, https:\/\/rigcsa.mx\/wp-content\/uploads\/2025\/10\/Brochure-Lote-93-3-300x289.jpg 300w, https:\/\/rigcsa.mx\/wp-content\/uploads\/2025\/10\/Brochure-Lote-93-3-768x740.jpg 768w, https:\/\/rigcsa.mx\/wp-content\/uploads\/2025\/10\/Brochure-Lote-93-3.jpg 1446w\" sizes=\"auto, (max-width: 1024px) 100vw, 1024px\" \/><\/figure>\n<\/div>\n<\/div>\n\n\n\n<div class=\"wp-block-group is-nowrap is-layout-flex wp-container-core-group-is-layout-6c531013 wp-block-group-is-layout-flex\">\n<figure class=\"wp-block-image size-large is-resized\"><img loading=\"lazy\" decoding=\"async\" width=\"1024\" height=\"581\" src=\"https:\/\/rigcsa.mx\/wp-content\/uploads\/2025\/10\/Interior-sala-1024x581.jpg\" alt=\"\" class=\"wp-image-132\" style=\"width:517px;height:auto\" srcset=\"https:\/\/rigcsa.mx\/wp-content\/uploads\/2025\/10\/Interior-sala-1024x581.jpg 1024w, https:\/\/rigcsa.mx\/wp-content\/uploads\/2025\/10\/Interior-sala-300x170.jpg 300w, https:\/\/rigcsa.mx\/wp-content\/uploads\/2025\/10\/Interior-sala-768x436.jpg 768w, https:\/\/rigcsa.mx\/wp-content\/uploads\/2025\/10\/Interior-sala.jpg 1069w\" sizes=\"auto, (max-width: 1024px) 100vw, 1024px\" \/><\/figure>\n\n\n\n<figure class=\"wp-block-image size-large is-resized\"><img loading=\"lazy\" decoding=\"async\" width=\"1024\" height=\"580\" src=\"https:\/\/rigcsa.mx\/wp-content\/uploads\/2025\/10\/Fachada-1024x580.jpg\" alt=\"\" class=\"wp-image-133\" style=\"width:514px;height:auto\" srcset=\"https:\/\/rigcsa.mx\/wp-content\/uploads\/2025\/10\/Fachada-1024x580.jpg 1024w, https:\/\/rigcsa.mx\/wp-content\/uploads\/2025\/10\/Fachada-300x170.jpg 300w, https:\/\/rigcsa.mx\/wp-content\/uploads\/2025\/10\/Fachada-768x435.jpg 768w, https:\/\/rigcsa.mx\/wp-content\/uploads\/2025\/10\/Fachada.jpg 1071w\" sizes=\"auto, (max-width: 1024px) 100vw, 1024px\" \/><\/figure>\n<\/div>\n\n\n\n<div class=\"wp-block-group is-layout-constrained wp-block-group-is-layout-constrained\">\n<p class=\"has-text-align-center\">AMENIDADES<\/p>\n<\/div>\n\n\n\n<p class=\"has-small-font-size\">Le invitamos a descubrir una magn\u00edfica propiedad situada en el m\u00e1gico coraz\u00f3n de Tulum, que deslumbra con dos rec\u00e1maras que ofrecen vistas impresionantes y acabados de primera calidad. este santuario ideal fusiona comodidad y estilo, creando un ambiente perfecto para deleitarse con el sol caribe\u00f1o.<\/p>\n\n\n\n<h2 class=\"wp-block-heading\">SERVICIOS<\/h2>\n\n\n\n<div class=\"wp-block-columns is-layout-flex wp-container-core-columns-is-layout-28f84493 wp-block-columns-is-layout-flex\">\n<div class=\"wp-block-column is-layout-flow wp-block-column-is-layout-flow\">\n<div class=\"wp-block-cover wp-duotone-unset-1\" style=\"min-height:195px;aspect-ratio:unset;\"><img loading=\"lazy\" decoding=\"async\" width=\"50\" height=\"36\" class=\"wp-block-cover__image-background wp-image-134\" alt=\"\" src=\"https:\/\/rigcsa.mx\/wp-content\/uploads\/2025\/10\/Movie-1.png\" style=\"object-position:0% 55%\" data-object-fit=\"cover\" data-object-position=\"0% 55%\"\/><span aria-hidden=\"true\" class=\"wp-block-cover__background has-background-dim\"><\/span><div class=\"wp-block-cover__inner-container is-layout-constrained wp-block-cover-is-layout-constrained\">\n<p class=\"has-text-align-center\" style=\"font-size:20px\">circuito de vigilancia<\/p>\n<\/div><\/div>\n<\/div>\n\n\n\n<div class=\"wp-block-column is-layout-flow wp-block-column-is-layout-flow\">\n<div class=\"wp-block-cover wp-duotone-unset-2\" style=\"min-height:195px;aspect-ratio:unset;\"><img loading=\"lazy\" decoding=\"async\" width=\"45\" height=\"45\" class=\"wp-block-cover__image-background wp-image-135\" alt=\"\" src=\"https:\/\/rigcsa.mx\/wp-content\/uploads\/2025\/10\/Dont-Walk-1.png\" data-object-fit=\"cover\"\/><span aria-hidden=\"true\" class=\"wp-block-cover__background has-background-dim\"><\/span><div class=\"wp-block-cover__inner-container is-layout-constrained wp-block-cover-is-layout-constrained\">\n<p class=\"has-text-align-center\" style=\"font-size:20px\">Acceso Controlado<\/p>\n<\/div><\/div>\n<\/div>\n\n\n\n<div class=\"wp-block-column is-layout-flow wp-block-column-is-layout-flow\">\n<div class=\"wp-block-cover wp-duotone-unset-3\" style=\"min-height:195px;aspect-ratio:unset;\"><img loading=\"lazy\" decoding=\"async\" width=\"48\" height=\"34\" class=\"wp-block-cover__image-background wp-image-136\" alt=\"\" src=\"https:\/\/rigcsa.mx\/wp-content\/uploads\/2025\/10\/Shape-16-1.png\" style=\"object-position:50% 70%\" data-object-fit=\"cover\" data-object-position=\"50% 70%\"\/><span aria-hidden=\"true\" class=\"wp-block-cover__background has-background-dim\"><\/span><div class=\"wp-block-cover__inner-container is-layout-constrained wp-block-cover-is-layout-constrained\">\n<p class=\"has-text-align-center\" style=\"font-size:20px\">Cocinas Equipadas<\/p>\n<\/div><\/div>\n<\/div>\n\n\n\n<div class=\"wp-block-column is-layout-flow wp-block-column-is-layout-flow\">\n<div class=\"wp-block-cover wp-duotone-unset-4\" style=\"min-height:195px;aspect-ratio:unset;\"><img loading=\"lazy\" decoding=\"async\" width=\"37\" height=\"36\" class=\"wp-block-cover__image-background wp-image-137\" alt=\"\" src=\"https:\/\/rigcsa.mx\/wp-content\/uploads\/2025\/10\/Wireless-02-www.Shapes4FREE.1.png\" data-object-fit=\"cover\"\/><span aria-hidden=\"true\" class=\"wp-block-cover__background has-background-dim\"><\/span><div class=\"wp-block-cover__inner-container is-layout-constrained wp-block-cover-is-layout-constrained\">\n<p class=\"has-text-align-center\" style=\"font-size:20px\">Servicio de Wifi<\/p>\n<\/div><\/div>\n<\/div>\n\n\n\n<div class=\"wp-block-column is-layout-flow wp-block-column-is-layout-flow\">\n<div class=\"wp-block-cover wp-duotone-unset-5\" style=\"min-height:195px;aspect-ratio:unset;\"><img loading=\"lazy\" decoding=\"async\" width=\"46\" height=\"50\" class=\"wp-block-cover__image-background wp-image-138\" alt=\"\" src=\"https:\/\/rigcsa.mx\/wp-content\/uploads\/2025\/10\/Man-1.png\" data-object-fit=\"cover\"\/><span aria-hidden=\"true\" class=\"wp-block-cover__background has-background-dim\"><\/span><div class=\"wp-block-cover__inner-container is-layout-constrained wp-block-cover-is-layout-constrained\">\n<p class=\"has-text-align-center\" style=\"font-size:20px\">Sanitario en \u00e1rea com\u00fan.<\/p>\n<\/div><\/div>\n<\/div>\n<\/div>\n\n\n\n<h2 class=\"wp-block-heading\">Descarga nuestro brochure YAAKUN 93<\/h2>\n\n\n\n<div class=\"wp-block-file\"><a id=\"wp-block-file--media-ca29a188-9742-4596-a401-93932a55945b\" href=\"https:\/\/rigcsa.mx\/wp-content\/uploads\/2025\/10\/Brochure-Lote-93.pdf\">Brochure-Lote-93<\/a><a href=\"https:\/\/rigcsa.mx\/wp-content\/uploads\/2025\/10\/Brochure-Lote-93.pdf\" class=\"wp-block-file__button wp-element-button\" download aria-describedby=\"wp-block-file--media-ca29a188-9742-4596-a401-93932a55945b\">Descarga<\/a><\/div>\n","protected":false},"excerpt":{"rendered":"<p>UBICACION PERFECTA La propiedad se sit\u00faa en una zona residencial de alto valor econ\u00f3mico, dado que la infraestructura vial, incluyendo calles y avenidas, as\u00ed como el entorno en general, carecen de comparaci\u00f3n con otras \u00e1reas dentro de Tulum. En esta misma manzana, se encuentran diversos hoteles, lo que incrementa la rentabilidad de la propiedad en [&hellip;]<\/p>\n","protected":false},"author":1,"featured_media":44,"parent":0,"menu_order":4,"comment_status":"closed","ping_status":"closed","template":"","meta":{"footnotes":""},"class_list":["post-130","page","type-page","status-publish","has-post-thumbnail","hentry"],"_links":{"self":[{"href":"https:\/\/rigcsa.mx\/index.php\/wp-json\/wp\/v2\/pages\/130","targetHints":{"allow":["GET"]}}],"collection":[{"href":"https:\/\/rigcsa.mx\/index.php\/wp-json\/wp\/v2\/pages"}],"about":[{"href":"https:\/\/rigcsa.mx\/index.php\/wp-json\/wp\/v2\/types\/page"}],"author":[{"embeddable":true,"href":"https:\/\/rigcsa.mx\/index.php\/wp-json\/wp\/v2\/users\/1"}],"replies":[{"embeddable":true,"href":"https:\/\/rigcsa.mx\/index.php\/wp-json\/wp\/v2\/comments?post=130"}],"version-history":[{"count":11,"href":"https:\/\/rigcsa.mx\/index.php\/wp-json\/wp\/v2\/pages\/130\/revisions"}],"predecessor-version":[{"id":150,"href":"https:\/\/rigcsa.mx\/index.php\/wp-json\/wp\/v2\/pages\/130\/revisions\/150"}],"wp:featuredmedia":[{"embeddable":true,"href":"https:\/\/rigcsa.mx\/index.php\/wp-json\/wp\/v2\/media\/44"}],"wp:attachment":[{"href":"https:\/\/rigcsa.mx\/index.php\/wp-json\/wp\/v2\/media?parent=130"}],"curies":[{"name":"wp","href":"https:\/\/api.w.org\/{rel}","templated":true}]}}